{"id":292,"date":"2013-08-08T15:48:16","date_gmt":"2013-08-08T15:48:16","guid":{"rendered":"http:\/\/presscore.dream-demo.com\/dummy\/?page_id=292"},"modified":"2019-08-14T18:00:28","modified_gmt":"2019-08-14T15:00:28","slug":"contact","status":"publish","type":"page","link":"https:\/\/www.videosanat.com\/en\/contact\/","title":{"rendered":"Contact"},"content":{"rendered":"<p><strong>Address<\/strong><br \/>\nBarbaros Bulvar\u0131, Akdo\u011fan Sokak, No:3 Be\u015fikta\u015f &#8211; \u0130STANBUL<\/p>\n<p><strong>Telephone<\/strong><br \/>\n<a style=\"color: #fff; text-decoration: none;\" href=\"tel:+902123271781\">(0212) 327 17 81<\/a><\/p>\n<p><a style=\"color: #fff; text-decoration: none;\" href=\"tel:+902123271784\">(0212) 327 17 84<\/a><\/p>\n<p><strong>E-mail<\/strong><br \/>\ninfo@videosanat.com<\/p>\n<p>&nbsp;<\/p>\n","protected":false},"excerpt":{"rendered":"<p>Address Barbaros Bulvar\u0131, Akdo\u011fan Sokak, No:3 Be\u015fikta\u015f &#8211; \u0130STANBUL Telephone (0212) 327 17 81 (0212) 327 17 84 E-mail info@videosanat.com &nbsp;<\/p>\n","protected":false},"author":1,"featured_media":0,"parent":0,"menu_order":20,"comment_status":"closed","ping_status":"closed","template":"page-iletisim.php","meta":{"_acf_changed":false,"footnotes":""},"class_list":["post-292","page","type-page","status-publish","hentry"],"acf":[],"_links":{"self":[{"href":"https:\/\/www.videosanat.com\/en\/wp-json\/wp\/v2\/pages\/292","targetHints":{"allow":["GET"]}}],"collection":[{"href":"https:\/\/www.videosanat.com\/en\/wp-json\/wp\/v2\/pages"}],"about":[{"href":"https:\/\/www.videosanat.com\/en\/wp-json\/wp\/v2\/types\/page"}],"author":[{"embeddable":true,"href":"https:\/\/www.videosanat.com\/en\/wp-json\/wp\/v2\/users\/1"}],"replies":[{"embeddable":true,"href":"https:\/\/www.videosanat.com\/en\/wp-json\/wp\/v2\/comments?post=292"}],"version-history":[{"count":18,"href":"https:\/\/www.videosanat.com\/en\/wp-json\/wp\/v2\/pages\/292\/revisions"}],"predecessor-version":[{"id":41431,"href":"https:\/\/www.videosanat.com\/en\/wp-json\/wp\/v2\/pages\/292\/revisions\/41431"}],"wp:attachment":[{"href":"https:\/\/www.videosanat.com\/en\/wp-json\/wp\/v2\/media?parent=292"}],"curies":[{"name":"wp","href":"https:\/\/api.w.org\/{rel}","templated":true}]}}