{"id":35531,"date":"2015-07-29T23:48:35","date_gmt":"2015-07-29T20:48:35","guid":{"rendered":"http:\/\/www.videosanat.com\/en\/?page_id=35531"},"modified":"2018-06-03T23:26:39","modified_gmt":"2018-06-03T20:26:39","slug":"servisler","status":"publish","type":"page","link":"https:\/\/www.videosanat.com\/en\/servisler\/","title":{"rendered":"Servisler"},"content":{"rendered":"<div class=\"wpb-content-wrapper\"><p>[vc_row][vc_column][vc_empty_space height=&#8221;20px&#8221;][vc_column_text]<br \/>\n[\/vc_column_text][\/vc_column][\/vc_row][vc_row][vc_column width=&#8221;1\/3&#8243;][vc_single_image image=&#8221;40711&#8243; img_size=&#8221;full&#8221; onclick=&#8221;custom_link&#8221; link=&#8221;https:\/\/www.videosanat.com\/video-produksiyon\/&#8221;][vc_column_text]<\/p>\n<p style=\"text-align: center; color: #fff; font-size: 18px; line-height: 24px; font-weight: 100;\">Konsept Geli\u015ftirme | Senaryo &amp; Metin Yaz\u0131m\u0131<br \/>\nProje Y\u00f6netimi | Kamera &amp; I\u015f\u0131k Kurulumu Y\u00f6netmenlik Hizmeti<\/p>\n<p>[\/vc_column_text][\/vc_column][vc_column width=&#8221;1\/3&#8243;][vc_single_image image=&#8221;40708&#8243; img_size=&#8221;full&#8221; onclick=&#8221;custom_link&#8221; link=&#8221;https:\/\/www.videosanat.com\/post-produksiyon\/&#8221;][vc_column_text]<\/p>\n<p style=\"text-align: center; color: #fff; font-size: 18px; line-height: 24px; font-weight: 100;\">Kurgu \/ Montaj | G\u00f6rsel Efekt<br \/>\nColor Correction<\/p>\n<p>[\/vc_column_text][\/vc_column][vc_column width=&#8221;1\/3&#8243;][vc_single_image image=&#8221;40705&#8243; img_size=&#8221;full&#8221; onclick=&#8221;custom_link&#8221; link=&#8221;https:\/\/www.videosanat.com\/motion-graphic\/&#8221;][vc_column_text]<\/p>\n<p style=\"text-align: center; color: #fff; font-size: 18px; line-height: 24px; font-weight: 100;\">2D &amp; 3D Animasyon<\/p>\n<p>[\/vc_column_text][\/vc_column][\/vc_row][vc_row][vc_column][vc_empty_space height=&#8221;20px&#8221;][\/vc_column][\/vc_row][vc_row][vc_column width=&#8221;1\/2&#8243;][vc_single_image image=&#8221;40707&#8243; img_size=&#8221;full&#8221; onclick=&#8221;custom_link&#8221; link=&#8221;https:\/\/www.videosanat.com\/dijital-medya-4\/&#8221;][vc_column_text]<\/p>\n<p style=\"text-align: center; color: #fff; font-size: 18px; line-height: 24px; font-weight: 100;\">\u0130\u00e7erik Geli\u015ftirme | \u0130nteraktif Video<br \/>\nVideo Banner<\/p>\n<p>[\/vc_column_text][\/vc_column][vc_column width=&#8221;1\/2&#8243;][vc_single_image image=&#8221;40704&#8243; img_size=&#8221;full&#8221; onclick=&#8221;custom_link&#8221; link=&#8221;https:\/\/www.videosanat.com\/ses-muzik-produksiyon\/&#8221;][vc_column_text]<\/p>\n<p style=\"text-align: center; color: #fff; font-size: 18px; line-height: 24px; font-weight: 100;\">Seslendirme | Jingle | Aranjman<br \/>\nMix- Mastering | Sound Design<\/p>\n<p>[\/vc_column_text][\/vc_column][\/vc_row]<\/p>\n<\/div>","protected":false},"excerpt":{"rendered":"<p>[vc_row][vc_column][vc_empty_space height=&#8221;20px&#8221;][vc_column_text] [\/vc_column_text][\/vc_column][\/vc_row][vc_row][vc_column width=&#8221;1\/3&#8243;][vc_single_image image=&#8221;40711&#8243; img_size=&#8221;full&#8221; onclick=&#8221;custom_link&#8221; link=&#8221;https:\/\/www.videosanat.com\/video-produksiyon\/&#8221;][vc_column_text] Konsept Geli\u015ftirme | Senaryo &amp; Metin Yaz\u0131m\u0131 Proje Y\u00f6netimi | Kamera &amp; I\u015f\u0131k Kurulumu Y\u00f6netmenlik Hizmeti [\/vc_column_text][\/vc_column][vc_column width=&#8221;1\/3&#8243;][vc_single_image image=&#8221;40708&#8243; img_size=&#8221;full&#8221; onclick=&#8221;custom_link&#8221; link=&#8221;https:\/\/www.videosanat.com\/post-produksiyon\/&#8221;][vc_column_text] Kurgu \/ Montaj | G\u00f6rsel Efekt Color Correction [\/vc_column_text][\/vc_column][vc_column width=&#8221;1\/3&#8243;][vc_single_image image=&#8221;40705&#8243; img_size=&#8221;full&#8221; onclick=&#8221;custom_link&#8221; link=&#8221;https:\/\/www.videosanat.com\/motion-graphic\/&#8221;][vc_column_text] 2D &amp; 3D Animasyon [\/vc_column_text][\/vc_column][\/vc_row][vc_row][vc_column][vc_empty_space height=&#8221;20px&#8221;][\/vc_column][\/vc_row][vc_row][vc_column width=&#8221;1\/2&#8243;][vc_single_image image=&#8221;40707&#8243; img_size=&#8221;full&#8221; onclick=&#8221;custom_link&#8221; link=&#8221;https:\/\/www.videosanat.com\/dijital-medya-4\/&#8221;][vc_column_text]..<\/p>\n","protected":false},"author":1,"featured_media":0,"parent":0,"menu_order":0,"comment_status":"open","ping_status":"open","template":"page-servisler.php","meta":{"_acf_changed":false,"footnotes":""},"class_list":["post-35531","page","type-page","status-publish","hentry"],"acf":[],"_links":{"self":[{"href":"https:\/\/www.videosanat.com\/en\/wp-json\/wp\/v2\/pages\/35531","targetHints":{"allow":["GET"]}}],"collection":[{"href":"https:\/\/www.videosanat.com\/en\/wp-json\/wp\/v2\/pages"}],"about":[{"href":"https:\/\/www.videosanat.com\/en\/wp-json\/wp\/v2\/types\/page"}],"author":[{"embeddable":true,"href":"https:\/\/www.videosanat.com\/en\/wp-json\/wp\/v2\/users\/1"}],"replies":[{"embeddable":true,"href":"https:\/\/www.videosanat.com\/en\/wp-json\/wp\/v2\/comments?post=35531"}],"version-history":[{"count":30,"href":"https:\/\/www.videosanat.com\/en\/wp-json\/wp\/v2\/pages\/35531\/revisions"}],"predecessor-version":[{"id":40757,"href":"https:\/\/www.videosanat.com\/en\/wp-json\/wp\/v2\/pages\/35531\/revisions\/40757"}],"wp:attachment":[{"href":"https:\/\/www.videosanat.com\/en\/wp-json\/wp\/v2\/media?parent=35531"}],"curies":[{"name":"wp","href":"https:\/\/api.w.org\/{rel}","templated":true}]}}