{"id":39562,"date":"2018-05-17T17:41:44","date_gmt":"2018-05-17T14:41:44","guid":{"rendered":"http:\/\/bestimagedemo.com\/videosanatwp\/?page_id=39562"},"modified":"2019-09-06T10:00:08","modified_gmt":"2019-09-06T07:00:08","slug":"promotional-videos","status":"publish","type":"page","link":"https:\/\/www.videosanat.com\/en\/promotional-videos\/","title":{"rendered":"Promotional Videos"},"content":{"rendered":"<div class=\"wpb-content-wrapper\"><p>[vc_row][vc_column][vc_column_text]<\/p>\n<h2>Corporate Promo Video Samples<\/h2>\n<p>[\/vc_column_text][\/vc_column][\/vc_row][vc_row][vc_column width=&#8221;1\/4&#8243;][vc_video link=&#8221;https:\/\/vimeo.com\/175933270&#8243;][\/vc_column][vc_column width=&#8221;1\/4&#8243;][vc_video link=&#8221;https:\/\/vimeo.com\/261831511&#8243;][\/vc_column][vc_column width=&#8221;1\/4&#8243;][vc_video link=&#8221;https:\/\/vimeo.com\/228245230&#8243;][\/vc_column][vc_column width=&#8221;1\/4&#8243;][vc_video link=&#8221;https:\/\/vimeo.com\/252498883&#8243;][\/vc_column][\/vc_row][vc_row][vc_column width=&#8221;1\/4&#8243;][vc_video link=&#8221;https:\/\/vimeo.com\/265777927&#8243;][\/vc_column][vc_column width=&#8221;1\/4&#8243;][vc_video link=&#8221;https:\/\/vimeo.com\/234022906&#8243;][\/vc_column][vc_column width=&#8221;1\/4&#8243;][vc_video link=&#8221;https:\/\/vimeo.com\/244968731&#8243;][\/vc_column][vc_column width=&#8221;1\/4&#8243;][vc_video link=&#8221;https:\/\/vimeo.com\/215659942&#8243;][\/vc_column][\/vc_row][vc_row][vc_column][vc_column_text]<\/p>\n<div class=\"tum gizlemobil\"><a href=\"https:\/\/www.videosanat.com\/calismalar\/\" target=\"_blank\" rel=\"noopener\">T\u00fcm Tan\u0131t\u0131m Filmleri<\/a><\/div>\n<p>[\/vc_column_text][\/vc_column][\/vc_row][vc_row][vc_column][vc_column_text]Any product, project, institution, company or firm can be advertised in a Promotional Video.The most effective way to describe a project is to have a good video promotion with creative content. Today, most of the Internet users demand video content. Promotional videos are way much stronger than printed media to get your customer\u2019s attention. Because modern people choose to watch videos for avoid confusion.<\/p>\n<p>We offer you to stand out among your rivals through the best promotional videos. Our catchy and trustworthy approach sending the right message to the right audience. Take advantage of <strong>corporate promotional <\/strong><strong>videos <\/strong>with Videosanat.[\/vc_column_text][\/vc_column][\/vc_row][vc_row][vc_column width=&#8221;1\/4&#8243;][vc_column_text css=&#8221;.vc_custom_1565793130930{padding-top: 25px !important;padding-right: 25px !important;padding-bottom: 25px !important;padding-left: 25px !important;background-color: #2b2d2e !important;}&#8221;]<\/p>\n<p style=\"text-align: center; padding: 0px; color: #ffffff; font-size: 17px; line-height: 24px;\">Reach your maximum with the promotion films to build up your online reputation.<\/p>\n<p>[\/vc_column_text][\/vc_column][vc_column width=&#8221;1\/4&#8243;][vc_column_text css=&#8221;.vc_custom_1565793142112{padding-top: 25px !important;padding-right: 25px !important;padding-bottom: 25px !important;padding-left: 25px !important;background-color: #5bc8d5 !important;}&#8221;]<\/p>\n<p style=\"text-align: center; padding: 0px; color: #ffffff; font-size: 17px; line-height: 24px;\">Stand out among your rivals by using promotion films for opening, meeting and fair events.<\/p>\n<p>[\/vc_column_text][\/vc_column][vc_column width=&#8221;1\/4&#8243;][vc_column_text css=&#8221;.vc_custom_1565793151474{padding-top: 25px !important;padding-right: 25px !important;padding-bottom: 25px !important;padding-left: 25px !important;background-color: #2b2d2e !important;}&#8221;]<\/p>\n<p style=\"text-align: center; padding: 0px; color: #ffffff; font-size: 17px; line-height: 24px;\">Make yourself visible on social media.<\/p>\n<p>[\/vc_column_text][\/vc_column][vc_column width=&#8221;1\/4&#8243;][vc_column_text css=&#8221;.vc_custom_1565793159826{padding-top: 25px !important;padding-right: 25px !important;padding-bottom: 25px !important;padding-left: 25px !important;background-color: #5bc8d5 !important;}&#8221;]<\/p>\n<p style=\"text-align: center; padding: 0px; color: #ffffff; font-size: 17px; line-height: 24px;\">Make the most effective communication with your target audience and potential customers.<\/p>\n<p>[\/vc_column_text][\/vc_column][\/vc_row][vc_row][vc_column][vc_column_text]Our experienced and professional team maximize the customer satisfaction through our company\u2019s vision and principles. We immediately begin to work on <strong>corporate promotional <\/strong><strong>video <\/strong>after we get the information from the customer.[\/vc_column_text][\/vc_column][\/vc_row][vc_row][vc_column width=&#8221;1\/4&#8243;][vc_column_text css=&#8221;.vc_custom_1565793190593{padding-top: 25px !important;padding-right: 25px !important;padding-bottom: 25px !important;padding-left: 25px !important;background-color: #2b2d2e !important;}&#8221;]<\/p>\n<p style=\"text-align: center; padding: 0px; color: #ffffff; font-size: 17px; line-height: 24px;\">Creative team performs benchmarking and target audience analysis for the customer.<\/p>\n<p>[\/vc_column_text][\/vc_column][vc_column width=&#8221;1\/4&#8243;][vc_column_text css=&#8221;.vc_custom_1565793198381{padding-top: 25px !important;padding-right: 25px !important;padding-bottom: 25px !important;padding-left: 25px !important;background-color: #5bc8d5 !important;}&#8221;]<\/p>\n<p style=\"text-align: center; padding: 0px; color: #ffffff; font-size: 17px; line-height: 24px;\">After the analysis, results are submitted to the customer for approval.<\/p>\n<p>[\/vc_column_text][\/vc_column][vc_column width=&#8221;1\/4&#8243;][vc_column_text css=&#8221;.vc_custom_1565793207368{padding-top: 25px !important;padding-right: 25px !important;padding-bottom: 25px !important;padding-left: 25px !important;background-color: #2b2d2e !important;}&#8221;]<\/p>\n<p style=\"text-align: center; padding: 0px; color: #ffffff; font-size: 17px; line-height: 24px;\">With the approval of the customer, shootings are completed by VideoSanat production team.<\/p>\n<p>[\/vc_column_text][\/vc_column][vc_column width=&#8221;1\/4&#8243;][vc_column_text css=&#8221;.vc_custom_1565793214914{padding-top: 25px !important;padding-right: 25px !important;padding-bottom: 25px !important;padding-left: 25px !important;background-color: #5bc8d5 !important;}&#8221;]<\/p>\n<p style=\"text-align: center; padding: 0px; color: #ffffff; font-size: 17px; line-height: 24px;\">2D motion elements are added into the project and at the end, project is delivered with outstanding customer satisfaction.<\/p>\n<p>[\/vc_column_text][\/vc_column][\/vc_row]<\/p>\n<\/div>","protected":false},"excerpt":{"rendered":"<p>[vc_row][vc_column][vc_column_text] Corporate Promo Video Samples [\/vc_column_text][\/vc_column][\/vc_row][vc_row][vc_column width=&#8221;1\/4&#8243;][vc_video link=&#8221;https:\/\/vimeo.com\/175933270&#8243;][\/vc_column][vc_column width=&#8221;1\/4&#8243;][vc_video link=&#8221;https:\/\/vimeo.com\/261831511&#8243;][\/vc_column][vc_column width=&#8221;1\/4&#8243;][vc_video link=&#8221;https:\/\/vimeo.com\/228245230&#8243;][\/vc_column][vc_column width=&#8221;1\/4&#8243;][vc_video link=&#8221;https:\/\/vimeo.com\/252498883&#8243;][\/vc_column][\/vc_row][vc_row][vc_column width=&#8221;1\/4&#8243;][vc_video link=&#8221;https:\/\/vimeo.com\/265777927&#8243;][\/vc_column][vc_column width=&#8221;1\/4&#8243;][vc_video link=&#8221;https:\/\/vimeo.com\/234022906&#8243;][\/vc_column][vc_column width=&#8221;1\/4&#8243;][vc_video link=&#8221;https:\/\/vimeo.com\/244968731&#8243;][\/vc_column][vc_column width=&#8221;1\/4&#8243;][vc_video link=&#8221;https:\/\/vimeo.com\/215659942&#8243;][\/vc_column][\/vc_row][vc_row][vc_column][vc_column_text] T\u00fcm Tan\u0131t\u0131m Filmleri [\/vc_column_text][\/vc_column][\/vc_row][vc_row][vc_column][vc_column_text]Any product, project, institution, company or firm can be advertised in a Promotional Video.The most effective way to describe a project is to have a good video promotion with creative..<\/p>\n","protected":false},"author":1,"featured_media":0,"parent":0,"menu_order":0,"comment_status":"closed","ping_status":"closed","template":"page-sablon1.php","meta":{"_acf_changed":false,"footnotes":""},"class_list":["post-39562","page","type-page","status-publish","hentry"],"acf":[],"_links":{"self":[{"href":"https:\/\/www.videosanat.com\/en\/wp-json\/wp\/v2\/pages\/39562","targetHints":{"allow":["GET"]}}],"collection":[{"href":"https:\/\/www.videosanat.com\/en\/wp-json\/wp\/v2\/pages"}],"about":[{"href":"https:\/\/www.videosanat.com\/en\/wp-json\/wp\/v2\/types\/page"}],"author":[{"embeddable":true,"href":"https:\/\/www.videosanat.com\/en\/wp-json\/wp\/v2\/users\/1"}],"replies":[{"embeddable":true,"href":"https:\/\/www.videosanat.com\/en\/wp-json\/wp\/v2\/comments?post=39562"}],"version-history":[{"count":82,"href":"https:\/\/www.videosanat.com\/en\/wp-json\/wp\/v2\/pages\/39562\/revisions"}],"predecessor-version":[{"id":41478,"href":"https:\/\/www.videosanat.com\/en\/wp-json\/wp\/v2\/pages\/39562\/revisions\/41478"}],"wp:attachment":[{"href":"https:\/\/www.videosanat.com\/en\/wp-json\/wp\/v2\/media?parent=39562"}],"curies":[{"name":"wp","href":"https:\/\/api.w.org\/{rel}","templated":true}]}}