{"id":39664,"date":"2018-05-18T10:08:17","date_gmt":"2018-05-18T07:08:17","guid":{"rendered":"http:\/\/bestimagedemo.com\/videosanatwp\/?page_id=39664"},"modified":"2019-09-06T10:04:25","modified_gmt":"2019-09-06T07:04:25","slug":"corporate-videos","status":"publish","type":"page","link":"https:\/\/www.videosanat.com\/en\/corporate-videos\/","title":{"rendered":"Corporate Videos"},"content":{"rendered":"<div class=\"wpb-content-wrapper\"><p>[vc_row][vc_column][vc_column_text]<\/p>\n<h3>Corporate Video Samples<\/h3>\n<p>[\/vc_column_text][\/vc_column][\/vc_row][vc_row][vc_column width=&#8221;1\/4&#8243;][vc_video link=&#8221;https:\/\/vimeo.com\/198038035&#8243;][\/vc_column][vc_column width=&#8221;1\/4&#8243;][vc_video link=&#8221;https:\/\/vimeo.com\/201557540&#8243;][\/vc_column][vc_column width=&#8221;1\/4&#8243;][vc_video link=&#8221;https:\/\/vimeo.com\/252472003\/335cf3bc2e&#8221;][\/vc_column][vc_column width=&#8221;1\/4&#8243;][vc_video link=&#8221;https:\/\/vimeo.com\/253219903&#8243;][\/vc_column][\/vc_row][vc_row][vc_column width=&#8221;1\/4&#8243;][vc_video link=&#8221;https:\/\/vimeo.com\/249428931&#8243;][\/vc_column][vc_column width=&#8221;1\/4&#8243;][vc_video link=&#8221;https:\/\/vimeo.com\/212243013\/c3e32698bc&#8221;][\/vc_column][vc_column width=&#8221;1\/4&#8243;][vc_video link=&#8221;https:\/\/vimeo.com\/219724421\/1f353b1ac5&#8243;][\/vc_column][vc_column width=&#8221;1\/4&#8243;][vc_video link=&#8221;https:\/\/vimeo.com\/264061558&#8243;][\/vc_column][\/vc_row][vc_row][vc_column width=&#8221;1\/4&#8243;][vc_video link=&#8221;https:\/\/vimeo.com\/225579398\/fdd8027a60&#8243;][\/vc_column][vc_column width=&#8221;1\/4&#8243;][vc_video link=&#8221;https:\/\/vimeo.com\/235316363\/7e4668036c&#8221;][\/vc_column][vc_column width=&#8221;1\/4&#8243;][vc_video link=&#8221;https:\/\/vimeo.com\/201131137&#8243;][\/vc_column][vc_column width=&#8221;1\/4&#8243;][vc_video link=&#8221;https:\/\/vimeo.com\/196439850\/325f40fa5e&#8221;][\/vc_column][\/vc_row][vc_row][vc_column][vc_column_text]<\/p>\n<div class=\"tum gizlemobil\"><a href=\"https:\/\/www.videosanat.com\/calismalar\/\" target=\"_blank\" rel=\"noopener\">T\u00fcm Kurumsal Video \u00c7\u00f6z\u00fcmleri<\/a><\/div>\n<p>[\/vc_column_text][\/vc_column][\/vc_row][vc_row][vc_column][vc_column_text]In digital media, which is becoming more and more powerful today; brands, institutions and companies choose corporate videos to increase brand awareness and prestige. Your sales numbers will be increased through our creative video content which provides safer and faster communication with your target audience and potential customers.<\/p>\n<p>&nbsp;<\/p>\n<p>Corporate video solutions cover almost all activities of institutions, companies and firms sucha as customer testimonials, video presentation, occupational health and safety, human resources, public service ad, interview, tv program, etc.\u00a0 These videos are edited with 2D motion graphics or real images. With the videos created, customers who have the opportunity to get to know the brands and institutions better, become safer and loyal.<\/p>\n<p>&nbsp;<\/p>\n<p>VideoSanat is a solution partner for creating corporate videos with creative contents.<\/p>\n<p>With our creative team of experts, we design videos that follow global trends.[\/vc_column_text][\/vc_column][\/vc_row][vc_row][vc_column width=&#8221;1\/4&#8243;][vc_column_text css=&#8221;.vc_custom_1565793827542{padding-top: 25px !important;padding-right: 25px !important;padding-bottom: 25px !important;padding-left: 25px !important;background-color: #2b2d2e !important;}&#8221;]<\/p>\n<p style=\"text-align: center; padding: 0px; color: #ffffff; font-size: 17px; line-height: 24px;\">Maximize your brand\u2019s value with corporate video.<\/p>\n<p>[\/vc_column_text][\/vc_column][vc_column width=&#8221;1\/4&#8243;][vc_column_text css=&#8221;.vc_custom_1565793835803{padding-top: 25px !important;padding-right: 25px !important;padding-bottom: 25px !important;padding-left: 25px !important;background-color: #5bc8d5 !important;}&#8221;]<\/p>\n<p style=\"text-align: center; padding: 0px; color: #ffffff; font-size: 17px; line-height: 24px;\">Increase your prestige in digital media with corporate film production<\/p>\n<p>[\/vc_column_text][\/vc_column][vc_column width=&#8221;1\/4&#8243;][vc_column_text css=&#8221;.vc_custom_1565793844660{padding-top: 25px !important;padding-right: 25px !important;padding-bottom: 25px !important;padding-left: 25px !important;background-color: #2b2d2e !important;}&#8221;]<\/p>\n<p style=\"text-align: center; padding: 0px; color: #ffffff; font-size: 17px; line-height: 24px;\">Keep ahead of your competitors by using Corporate Videos.<\/p>\n<p>[\/vc_column_text][\/vc_column][vc_column width=&#8221;1\/4&#8243;][vc_column_text css=&#8221;.vc_custom_1565793853606{padding-top: 25px !important;padding-right: 25px !important;padding-bottom: 25px !important;padding-left: 25px !important;background-color: #5bc8d5 !important;}&#8221;]<\/p>\n<p style=\"text-align: center; padding: 0px; color: #ffffff; font-size: 17px; line-height: 24px;\">Create an outstanding impression in fairs, openings and organizations through the corporate video production.<\/p>\n<p>[\/vc_column_text][\/vc_column][\/vc_row][vc_row][vc_column][vc_column_text]Creating original video content in a most professional way, Videosanat. We design projects requested from the corporations by providing customer satisfaction at maximum level. Your company will stand out among your rivals with our creative video solutions.[\/vc_column_text][\/vc_column][\/vc_row][vc_row][vc_column width=&#8221;1\/4&#8243;][vc_column_text css=&#8221;.vc_custom_1565793870040{padding-top: 25px !important;padding-right: 25px !important;padding-bottom: 25px !important;padding-left: 25px !important;background-color: #2b2d2e !important;}&#8221;]<\/p>\n<p style=\"text-align: center; padding: 0px; color: #ffffff; font-size: 17px; line-height: 24px;\">Our experienced creative team starts production with the brief coming from the customer.<\/p>\n<p>[\/vc_column_text][\/vc_column][vc_column width=&#8221;1\/4&#8243;][vc_column_text css=&#8221;.vc_custom_1565793878664{padding-top: 25px !important;padding-right: 25px !important;padding-bottom: 25px !important;padding-left: 25px !important;background-color: #5bc8d5 !important;}&#8221;]<\/p>\n<p style=\"text-align: center; padding: 0px; color: #ffffff; font-size: 17px; line-height: 24px;\">The target audience is analyzed and the most powerful content is created according to company\u2019s mission.<\/p>\n<p>[\/vc_column_text][\/vc_column][vc_column width=&#8221;1\/4&#8243;][vc_column_text css=&#8221;.vc_custom_1565793885812{padding-top: 25px !important;padding-right: 25px !important;padding-bottom: 25px !important;padding-left: 25px !important;background-color: #2b2d2e !important;}&#8221;]<\/p>\n<p style=\"text-align: center; padding: 0px; color: #ffffff; font-size: 17px; line-height: 24px;\">With the approval of the corporation, the video design process starts with 2D Motion or real images as required.<\/p>\n<p>[\/vc_column_text][\/vc_column][vc_column width=&#8221;1\/4&#8243;][vc_column_text css=&#8221;.vc_custom_1565793900871{padding-top: 25px !important;padding-right: 25px !important;padding-bottom: 25px !important;padding-left: 25px !important;background-color: #5bc8d5 !important;}&#8221;]<\/p>\n<p style=\"text-align: center; padding: 0px; color: #ffffff; font-size: 17px; line-height: 24px;\">The project is delivered by providing maximum customer satisfaction after the editing and assembly processes.<\/p>\n<p>[\/vc_column_text][\/vc_column][\/vc_row]<\/p>\n<\/div>","protected":false},"excerpt":{"rendered":"<p>[vc_row][vc_column][vc_column_text] Corporate Video Samples [\/vc_column_text][\/vc_column][\/vc_row][vc_row][vc_column width=&#8221;1\/4&#8243;][vc_video link=&#8221;https:\/\/vimeo.com\/198038035&#8243;][\/vc_column][vc_column width=&#8221;1\/4&#8243;][vc_video link=&#8221;https:\/\/vimeo.com\/201557540&#8243;][\/vc_column][vc_column width=&#8221;1\/4&#8243;][vc_video link=&#8221;https:\/\/vimeo.com\/252472003\/335cf3bc2e&#8221;][\/vc_column][vc_column width=&#8221;1\/4&#8243;][vc_video link=&#8221;https:\/\/vimeo.com\/253219903&#8243;][\/vc_column][\/vc_row][vc_row][vc_column width=&#8221;1\/4&#8243;][vc_video link=&#8221;https:\/\/vimeo.com\/249428931&#8243;][\/vc_column][vc_column width=&#8221;1\/4&#8243;][vc_video link=&#8221;https:\/\/vimeo.com\/212243013\/c3e32698bc&#8221;][\/vc_column][vc_column width=&#8221;1\/4&#8243;][vc_video link=&#8221;https:\/\/vimeo.com\/219724421\/1f353b1ac5&#8243;][\/vc_column][vc_column width=&#8221;1\/4&#8243;][vc_video link=&#8221;https:\/\/vimeo.com\/264061558&#8243;][\/vc_column][\/vc_row][vc_row][vc_column width=&#8221;1\/4&#8243;][vc_video link=&#8221;https:\/\/vimeo.com\/225579398\/fdd8027a60&#8243;][\/vc_column][vc_column width=&#8221;1\/4&#8243;][vc_video link=&#8221;https:\/\/vimeo.com\/235316363\/7e4668036c&#8221;][\/vc_column][vc_column width=&#8221;1\/4&#8243;][vc_video link=&#8221;https:\/\/vimeo.com\/201131137&#8243;][\/vc_column][vc_column width=&#8221;1\/4&#8243;][vc_video link=&#8221;https:\/\/vimeo.com\/196439850\/325f40fa5e&#8221;][\/vc_column][\/vc_row][vc_row][vc_column][vc_column_text] T\u00fcm Kurumsal Video \u00c7\u00f6z\u00fcmleri [\/vc_column_text][\/vc_column][\/vc_row][vc_row][vc_column][vc_column_text]In digital media, which is becoming more and more powerful today; brands, institutions and companies choose corporate videos to increase brand awareness..<\/p>\n","protected":false},"author":1,"featured_media":0,"parent":0,"menu_order":0,"comment_status":"closed","ping_status":"closed","template":"page-sablon1.php","meta":{"_acf_changed":false,"footnotes":""},"class_list":["post-39664","page","type-page","status-publish","hentry"],"acf":[],"_links":{"self":[{"href":"https:\/\/www.videosanat.com\/en\/wp-json\/wp\/v2\/pages\/39664","targetHints":{"allow":["GET"]}}],"collection":[{"href":"https:\/\/www.videosanat.com\/en\/wp-json\/wp\/v2\/pages"}],"about":[{"href":"https:\/\/www.videosanat.com\/en\/wp-json\/wp\/v2\/types\/page"}],"author":[{"embeddable":true,"href":"https:\/\/www.videosanat.com\/en\/wp-json\/wp\/v2\/users\/1"}],"replies":[{"embeddable":true,"href":"https:\/\/www.videosanat.com\/en\/wp-json\/wp\/v2\/comments?post=39664"}],"version-history":[{"count":47,"href":"https:\/\/www.videosanat.com\/en\/wp-json\/wp\/v2\/pages\/39664\/revisions"}],"predecessor-version":[{"id":41480,"href":"https:\/\/www.videosanat.com\/en\/wp-json\/wp\/v2\/pages\/39664\/revisions\/41480"}],"wp:attachment":[{"href":"https:\/\/www.videosanat.com\/en\/wp-json\/wp\/v2\/media?parent=39664"}],"curies":[{"name":"wp","href":"https:\/\/api.w.org\/{rel}","templated":true}]}}