{"id":40578,"date":"2018-05-25T19:15:17","date_gmt":"2018-05-25T16:15:17","guid":{"rendered":"http:\/\/bestimagedemo.com\/videosanatwp\/?page_id=40578"},"modified":"2018-06-02T11:13:29","modified_gmt":"2018-06-02T08:13:29","slug":"video-produksiyon","status":"publish","type":"page","link":"https:\/\/www.videosanat.com\/en\/video-produksiyon\/","title":{"rendered":"Video Prod\u00fcksiyon"},"content":{"rendered":"<div class=\"wpb-content-wrapper\"><p>[vc_row][vc_column][vc_column_text]<\/p>\n<div class=\"vc_empty_space\"><\/div>\n<div class=\"wpb_text_column wpb_content_element \">\n<div class=\"wpb_wrapper\">\n<h2>Video Prod\u00fcksiyon Nedir?<\/h2>\n<p>Video Prod\u00fcksiyon, 3 a\u015famadan olu\u015fan bir s\u00fcre\u00e7tir. Prod\u00fcksiyon kelimesinin yap\u0131m anlam\u0131na geldi\u011fi g\u00f6z \u00f6n\u00fcne al\u0131nd\u0131\u011f\u0131nda video prod\u00fcksiyon, video yap\u0131m demektir. Video yap\u0131m s\u00fcreci de 3 ana a\u015famal\u0131 bir s\u00fcre\u00e7tir. Bunlar yap\u0131m \u00f6ncesi anlam\u0131na gelen pre-prod\u00fcksiyon, yap\u0131m anlam\u0131na gelen prod\u00fcksiyon ve yap\u0131m sonras\u0131 anlam\u0131na gelen post-prod\u00fcksiyon s\u00fcre\u00e7leridir. Bu 3 s\u00fcrecin tamamlanmas\u0131yla ortaya bir video prod\u00fcksiyon \u00fcr\u00fcn\u00fc \u00e7\u0131kmaktad\u0131r.<\/p>\n<h2>Video Prod\u00fcksiyon Nas\u0131l Yap\u0131l\u0131r?<\/h2>\n<p>Video Prod\u00fcksiyon, \u00f6ncelikle pre-prod\u00fcksiyon a\u015famas\u0131yla ba\u015flar. Yap\u0131m \u00f6ncesi demek olan pre-prod\u00fcksiyon a\u015famas\u0131nda \u00f6ncelikle videonun konsepti belirlenir, hedef kitle analizleri ger\u00e7ekle\u015ftirilir ve senaryosu yaz\u0131l\u0131r. Seslendirme olacaksa seslendirme metinleri \u00fcretilir. B\u00f6ylece pre-prod\u00fcksiyon a\u015famas\u0131 tamamlan\u0131r ve prod\u00fcksiyon a\u015famas\u0131na ge\u00e7ilir. Prod\u00fcksiyon a\u015famas\u0131nda ise video projesinin t\u00fcr\u00fcne ve konseptine ba\u011fl\u0131 olarak \u00e7al\u0131\u015fmalar ger\u00e7ekle\u015ftirilir. \u00d6rnek vermek gerekirse, projede ger\u00e7ek g\u00f6r\u00fcnt\u00fcler kullan\u0131lacaksa senaryo ve konsepte ba\u011fl\u0131 olarak ger\u00e7ek \u00e7ekimler ger\u00e7ekle\u015ftirilir. Ancak proje ger\u00e7ek g\u00f6r\u00fcnt\u00fclerin olmayaca\u011f\u0131 veya ger\u00e7ek g\u00f6r\u00fcnt\u00fclerle hareketli g\u00f6r\u00fcnt\u00fclerin (animasyon &amp; motion graphic) bir arada yer alaca\u011f\u0131 bir video projesi olacaksa, prod\u00fcksiyon a\u015famas\u0131nda kreatif direkt\u00f6rler, art direkt\u00f6rler ve grafikerler taraf\u0131ndan hayata ge\u00e7irilen g\u00f6rsel tasar\u0131m \u00e7al\u0131\u015fmalar\u0131yla projenin g\u00f6rsel sto\u011fu olu\u015fturulur. Bu a\u015famadan sonra post-prod\u00fcksiyon a\u015famas\u0131na ge\u00e7ilmektedir. Post prod\u00fcksiyon a\u015famas\u0131nda, g\u00f6rsel sto\u011fu olu\u015fturulan filmin seslendirme, ses&amp;m\u00fczik pro\u0131d\u00fcksiyonu ve kurgu \/ montaj \u00e7al\u0131\u015fmalar\u0131 ger\u00e7ekle\u015ftirilerek video haz\u0131rlanm\u0131\u015f olur. B\u00f6ylece video prod\u00fcksiyon s\u00fcreci tamamlan\u0131r.<\/p>\n<h3>Video Prod\u00fcksiyon \u015eirketi VideoSanat<\/h3>\n<p>Video prod\u00fcksiyon \u015firketi VideoSanat; b\u00fcnyesindeki y\u00f6netmenler, konsept geli\u015ftiriciler, metin yazarlar\u0131, grafikerler, kameramanlar, videographer\u2019lar, video edit\u00f6rler, motion graphic artistler ve ses tasar\u0131mc\u0131lar\u0131 ile i\u015f ve e\u011flence d\u00fcnyas\u0131n\u0131n ihtiya\u00e7 duydu\u011fu nitelikli ve kaliteli video prod\u00fcksiyon hizmetleri konusunda eksiksiz \u00e7\u00f6z\u00fcmler \u00fcretmektedir. Video prod\u00fcksiyon hizmetlerinde yarat\u0131c\u0131 ve efektif projeler ger\u00e7ekle\u015ftiren VideoSanat, tasarlad\u0131\u011f\u0131 video prod\u00fcksiyon projeleriyle hizmet verdi\u011fi markalar i\u00e7in art\u0131 de\u011fer olu\u015fturmaktad\u0131r. Temel amac\u0131, \u00fcretti\u011fi videolarda kalite ve esteti\u011fi bulu\u015fturarak, \u00e7al\u0131\u015ft\u0131\u011f\u0131 markalara de\u011fer katmak olan VideoSanat\u2019\u0131n her b\u00fct\u00e7eye ve projeye uygun \u00e7\u00f6z\u00fcmleriyle siz de daha fazla ki\u015fiye ula\u015fmak ve i\u015finizi b\u00fcy\u00fctmek istiyorsan\u0131z l\u00fctfen bizimle ileti\u015fime ge\u00e7iniz.<\/p>\n<\/div>\n<\/div>\n<p>[\/vc_column_text][\/vc_column][\/vc_row]<\/p>\n<\/div>","protected":false},"excerpt":{"rendered":"<p>[vc_row][vc_column][vc_column_text] Video Prod\u00fcksiyon Nedir? Video Prod\u00fcksiyon, 3 a\u015famadan olu\u015fan bir s\u00fcre\u00e7tir. Prod\u00fcksiyon kelimesinin yap\u0131m anlam\u0131na geldi\u011fi g\u00f6z \u00f6n\u00fcne al\u0131nd\u0131\u011f\u0131nda video prod\u00fcksiyon, video yap\u0131m demektir. Video yap\u0131m s\u00fcreci de 3 ana a\u015famal\u0131 bir s\u00fcre\u00e7tir. Bunlar yap\u0131m \u00f6ncesi anlam\u0131na gelen pre-prod\u00fcksiyon, yap\u0131m anlam\u0131na gelen prod\u00fcksiyon ve yap\u0131m sonras\u0131 anlam\u0131na gelen post-prod\u00fcksiyon s\u00fcre\u00e7leridir. Bu 3 s\u00fcrecin tamamlanmas\u0131yla ortaya..<\/p>\n","protected":false},"author":1,"featured_media":0,"parent":0,"menu_order":0,"comment_status":"closed","ping_status":"closed","template":"page-sablon1.php","meta":{"_acf_changed":false,"footnotes":""},"class_list":["post-40578","page","type-page","status-publish","hentry"],"acf":[],"_links":{"self":[{"href":"https:\/\/www.videosanat.com\/en\/wp-json\/wp\/v2\/pages\/40578","targetHints":{"allow":["GET"]}}],"collection":[{"href":"https:\/\/www.videosanat.com\/en\/wp-json\/wp\/v2\/pages"}],"about":[{"href":"https:\/\/www.videosanat.com\/en\/wp-json\/wp\/v2\/types\/page"}],"author":[{"embeddable":true,"href":"https:\/\/www.videosanat.com\/en\/wp-json\/wp\/v2\/users\/1"}],"replies":[{"embeddable":true,"href":"https:\/\/www.videosanat.com\/en\/wp-json\/wp\/v2\/comments?post=40578"}],"version-history":[{"count":5,"href":"https:\/\/www.videosanat.com\/en\/wp-json\/wp\/v2\/pages\/40578\/revisions"}],"predecessor-version":[{"id":40643,"href":"https:\/\/www.videosanat.com\/en\/wp-json\/wp\/v2\/pages\/40578\/revisions\/40643"}],"wp:attachment":[{"href":"https:\/\/www.videosanat.com\/en\/wp-json\/wp\/v2\/media?parent=40578"}],"curies":[{"name":"wp","href":"https:\/\/api.w.org\/{rel}","templated":true}]}}